{"id":18,"date":"2024-04-11T03:13:55","date_gmt":"2024-04-11T03:13:55","guid":{"rendered":"https:\/\/humbertomontero.mx\/index.php\/contact-us\/"},"modified":"2025-07-18T19:07:20","modified_gmt":"2025-07-18T19:07:20","slug":"mi-trayectoria","status":"publish","type":"page","link":"https:\/\/humbertomontero.mx\/index.php\/mi-trayectoria\/","title":{"rendered":"Mi Trayectoria"},"content":{"rendered":"\t\t<div data-elementor-type=\"wp-page\" data-elementor-id=\"18\" class=\"elementor elementor-18\" data-elementor-settings=\"{&quot;ha_cmc_init_switcher&quot;:&quot;no&quot;}\">\n\t\t\t\t<div class=\"elementor-element elementor-element-97a0cd2 e-con-full e-flex e-con e-parent\" data-id=\"97a0cd2\" data-element_type=\"container\" data-e-type=\"container\" data-settings=\"{&quot;_ha_eqh_enable&quot;:false}\">\n\t\t<div class=\"elementor-element elementor-element-3cd7c25 e-con-full e-flex e-con e-child\" data-id=\"3cd7c25\" data-element_type=\"container\" data-e-type=\"container\" data-settings=\"{&quot;_ha_eqh_enable&quot;:false}\">\n\t\t\t\t<\/div>\n\t\t<div class=\"elementor-element elementor-element-920750a e-con-full e-flex e-con e-child\" data-id=\"920750a\" data-element_type=\"container\" data-e-type=\"container\" data-settings=\"{&quot;_ha_eqh_enable&quot;:false}\">\n\t\t\t\t<div class=\"elementor-element elementor-element-4a3e7fe elementor-widget elementor-widget-image\" data-id=\"4a3e7fe\" data-element_type=\"widget\" data-e-type=\"widget\" data-widget_type=\"image.default\">\n\t\t\t\t<div class=\"elementor-widget-container\">\n\t\t\t\t\t\t\t\t\t\t\t\t\t\t\t\t<a href=\"http:\/\/www.humbertomontero.mx\">\n\t\t\t\t\t\t\t<img fetchpriority=\"high\" decoding=\"async\" width=\"800\" height=\"234\" src=\"https:\/\/humbertomontero.mx\/wp-content\/uploads\/2024\/12\/LOGOHUMBERTOMONTEROPNG-e1733499967694-1024x299.png\" class=\"attachment-large size-large wp-image-349\" alt=\"\" srcset=\"https:\/\/humbertomontero.mx\/wp-content\/uploads\/2024\/12\/LOGOHUMBERTOMONTEROPNG-e1733499967694-1024x299.png 1024w, https:\/\/humbertomontero.mx\/wp-content\/uploads\/2024\/12\/LOGOHUMBERTOMONTEROPNG-e1733499967694-300x88.png 300w, https:\/\/humbertomontero.mx\/wp-content\/uploads\/2024\/12\/LOGOHUMBERTOMONTEROPNG-e1733499967694-768x224.png 768w, https:\/\/humbertomontero.mx\/wp-content\/uploads\/2024\/12\/LOGOHUMBERTOMONTEROPNG-e1733499967694-1536x448.png 1536w, https:\/\/humbertomontero.mx\/wp-content\/uploads\/2024\/12\/LOGOHUMBERTOMONTEROPNG-e1733499967694-2048x598.png 2048w\" sizes=\"(max-width: 800px) 100vw, 800px\" \/>\t\t\t\t\t\t\t\t<\/a>\n\t\t\t\t\t\t\t\t\t\t\t\t\t\t\t<\/div>\n\t\t\t\t<\/div>\n\t\t\t\t<\/div>\n\t\t<div class=\"elementor-element elementor-element-a663e6b e-con-full e-flex e-con e-child\" data-id=\"a663e6b\" data-element_type=\"container\" data-e-type=\"container\" data-settings=\"{&quot;_ha_eqh_enable&quot;:false}\">\n\t\t\t\t<\/div>\n\t\t\t\t<\/div>\n\t\t<div class=\"elementor-element elementor-element-24c16cf6 e-flex e-con-boxed e-con e-parent\" data-id=\"24c16cf6\" data-element_type=\"container\" data-e-type=\"container\" data-settings=\"{&quot;_ha_eqh_enable&quot;:false}\">\n\t\t\t\t\t<div class=\"e-con-inner\">\n\t\t<div class=\"elementor-element elementor-element-68890400 e-con-full e-flex e-con e-child\" data-id=\"68890400\" data-element_type=\"container\" data-e-type=\"container\" data-settings=\"{&quot;background_background&quot;:&quot;classic&quot;,&quot;_ha_eqh_enable&quot;:false}\">\n\t\t\t\t<\/div>\n\t\t<div class=\"elementor-element elementor-element-71f79242 e-con-full e-flex e-con e-child\" data-id=\"71f79242\" data-element_type=\"container\" data-e-type=\"container\" data-settings=\"{&quot;_ha_eqh_enable&quot;:false}\">\n\t\t\t\t<div class=\"elementor-element elementor-element-4083a1f8 elementor-invisible elementor-widget elementor-widget-heading\" data-id=\"4083a1f8\" data-element_type=\"widget\" data-e-type=\"widget\" data-settings=\"{&quot;_animation&quot;:&quot;fadeIn&quot;}\" data-widget_type=\"heading.default\">\n\t\t\t\t<div class=\"elementor-widget-container\">\n\t\t\t\t\t<h2 class=\"elementor-heading-title elementor-size-default\">MI TRAYECTORIA <\/h2>\t\t\t\t<\/div>\n\t\t\t\t<\/div>\n\t\t\t\t<div class=\"elementor-element elementor-element-6eec4499 elementor-widget elementor-widget-text-editor\" data-id=\"6eec4499\" data-element_type=\"widget\" data-e-type=\"widget\" data-widget_type=\"text-editor.default\">\n\t\t\t\t<div class=\"elementor-widget-container\">\n\t\t\t\t\t\t\t\t\t<p><strong>Soy abogado, comprometido con las causas sociales, especialmente la discapacidad, la mejora de la econom\u00eda familiar y el impulso a los proyectos de j\u00f3venes emprendedores.<\/strong><\/p><p><strong>Estudi\u00e9 Derecho en la Univeridad de Guadalajara y posteriormente Maestr\u00eda en Derecho Constitucional y Amparo, en Santiago de Chile estudi\u00e9 el Diplomado en Pol\u00edticas P\u00fablicas y Humanismo Pol\u00edtico en la Universidad Miguel de Cervantes.<\/strong><\/p><p><strong>Desde joven particip\u00e9 activamente en proyectos de apoyo social para ayudar a ni\u00f1os en situaci\u00f3n vulnerable, su inquietud por esta y otras causas lo llevaron a participar en pol\u00edtica y para actuar en favor de quienes m\u00e1s lo necesitan, desde los espacios de toma de decisiones.<\/strong><\/p>\t\t\t\t\t\t\t\t<\/div>\n\t\t\t\t<\/div>\n\t\t\t\t<\/div>\n\t\t\t\t\t<\/div>\n\t\t\t\t<\/div>\n\t\t<div class=\"elementor-element elementor-element-14d24e8 e-flex e-con-boxed e-con e-parent\" data-id=\"14d24e8\" data-element_type=\"container\" data-e-type=\"container\" data-settings=\"{&quot;_ha_eqh_enable&quot;:false}\">\n\t\t\t\t\t<div class=\"e-con-inner\">\n\t\t<div class=\"elementor-element elementor-element-198e871 e-con-full e-flex e-con e-child\" data-id=\"198e871\" data-element_type=\"container\" data-e-type=\"container\" data-settings=\"{&quot;_ha_eqh_enable&quot;:false}\">\n\t\t\t\t<div class=\"elementor-element elementor-element-36a6418 elementor-widget elementor-widget-text-editor\" data-id=\"36a6418\" data-element_type=\"widget\" data-e-type=\"widget\" data-widget_type=\"text-editor.default\">\n\t\t\t\t<div class=\"elementor-widget-container\">\n\t\t\t\t\t\t\t\t\t<p>En 2005 me afili\u00e9 al Partido Acci\u00f3n Nacional donde soy miembro activo y he desempe\u00f1ado labores propias de campa\u00f1a en diferentes procesos electorales desde entonces, adem\u00e1s de formar parte de los \u00f3rganos internos del partido como la Comisi\u00f3n Organizadora para elegir al presidente de CEN desde las Comisiones Auxiliares Estatales.<\/p><p>Integr\u00e9 mi familia en Aguascalientes. Con mi esposa Gaby comparto la formaci\u00f3n de mis hijas Fernanda y Sara.<\/p>\t\t\t\t\t\t\t\t<\/div>\n\t\t\t\t<\/div>\n\t\t\t\t<\/div>\n\t\t\t\t\t<\/div>\n\t\t\t\t<\/div>\n\t\t<div class=\"elementor-element elementor-element-2b2754a e-con-full e-flex e-con e-parent\" data-id=\"2b2754a\" data-element_type=\"container\" data-e-type=\"container\" data-settings=\"{&quot;_ha_eqh_enable&quot;:false}\">\n\t\t<div class=\"elementor-element elementor-element-e3090f4 e-con-full e-flex e-con e-child\" data-id=\"e3090f4\" data-element_type=\"container\" data-e-type=\"container\" data-settings=\"{&quot;_ha_eqh_enable&quot;:false}\">\n\t\t\t\t<div class=\"elementor-element elementor-element-dd2c1cc elementor-widget elementor-widget-text-editor\" data-id=\"dd2c1cc\" data-element_type=\"widget\" data-e-type=\"widget\" data-widget_type=\"text-editor.default\">\n\t\t\t\t<div class=\"elementor-widget-container\">\n\t\t\t\t\t\t\t\t\t<p><strong>En el servicio p\u00fablico he colaborado en el poder legislativo, tanto en la C\u00e1mara de Diputados como en el Senado de la Rep\u00fablica, fu\u00ed director del DIF y Secretario de Desarrollo Econ\u00f3mico en el Municipio de Aguascalientes, mientras que en el Gobierno Estatal me desempe\u00f1\u00e9 como Secretario Particular del gobernador, Presidente del Patronato de FNSM, Secretario de Turismo y de Desarrollo Social, posiciones en las que impuls\u00e9 proyectos exitosos como la Ruta del Vino.<\/strong><\/p><p><strong>Acci\u00f3n Nacional me ha postulado para representar al Distrito V local de Aguascalientes, desde donde promover\u00e9 iniciativas apegadas a la doctrina del partido para favorecer las causas sociales con las que siempre ha estado comprometido.<\/strong><\/p>\t\t\t\t\t\t\t\t<\/div>\n\t\t\t\t<\/div>\n\t\t\t\t<\/div>\n\t\t<div class=\"elementor-element elementor-element-682c134 e-con-full e-flex e-con e-child\" data-id=\"682c134\" data-element_type=\"container\" data-e-type=\"container\" data-settings=\"{&quot;_ha_eqh_enable&quot;:false}\">\n\t\t<div class=\"elementor-element elementor-element-68476bc e-flex e-con-boxed e-con e-child\" data-id=\"68476bc\" data-element_type=\"container\" data-e-type=\"container\" data-settings=\"{&quot;_ha_eqh_enable&quot;:false}\">\n\t\t\t\t\t<div class=\"e-con-inner\">\n\t\t\t\t<div class=\"elementor-element elementor-element-b6bf617 elementor-widget elementor-widget-image\" data-id=\"b6bf617\" data-element_type=\"widget\" data-e-type=\"widget\" data-widget_type=\"image.default\">\n\t\t\t\t<div class=\"elementor-widget-container\">\n\t\t\t\t\t\t\t\t\t\t\t\t\t\t\t<img decoding=\"async\" width=\"800\" height=\"450\" src=\"https:\/\/humbertomontero.mx\/wp-content\/uploads\/2024\/04\/F131DB23-969A-4407-A5EB-5EEE144058C5-1024x576.jpg\" class=\"attachment-large size-large wp-image-252\" alt=\"\" srcset=\"https:\/\/humbertomontero.mx\/wp-content\/uploads\/2024\/04\/F131DB23-969A-4407-A5EB-5EEE144058C5-1024x576.jpg 1024w, https:\/\/humbertomontero.mx\/wp-content\/uploads\/2024\/04\/F131DB23-969A-4407-A5EB-5EEE144058C5-300x169.jpg 300w, https:\/\/humbertomontero.mx\/wp-content\/uploads\/2024\/04\/F131DB23-969A-4407-A5EB-5EEE144058C5-768x432.jpg 768w, https:\/\/humbertomontero.mx\/wp-content\/uploads\/2024\/04\/F131DB23-969A-4407-A5EB-5EEE144058C5-1536x864.jpg 1536w, https:\/\/humbertomontero.mx\/wp-content\/uploads\/2024\/04\/F131DB23-969A-4407-A5EB-5EEE144058C5-2048x1152.jpg 2048w\" sizes=\"(max-width: 800px) 100vw, 800px\" \/>\t\t\t\t\t\t\t\t\t\t\t\t\t\t\t<\/div>\n\t\t\t\t<\/div>\n\t\t\t\t\t<\/div>\n\t\t\t\t<\/div>\n\t\t\t\t<\/div>\n\t\t\t\t<\/div>\n\t\t<div class=\"elementor-element elementor-element-2efbfc0 e-flex e-con-boxed e-con e-parent\" data-id=\"2efbfc0\" data-element_type=\"container\" data-e-type=\"container\" data-settings=\"{&quot;_ha_eqh_enable&quot;:false}\">\n\t\t\t\t\t<div class=\"e-con-inner\">\n\t\t<div class=\"elementor-element elementor-element-fdbdab0 e-flex e-con-boxed e-con e-child\" data-id=\"fdbdab0\" data-element_type=\"container\" data-e-type=\"container\" data-settings=\"{&quot;_ha_eqh_enable&quot;:false}\">\n\t\t\t\t\t<div class=\"e-con-inner\">\n\t\t<div class=\"elementor-element elementor-element-a7ebe14 e-flex e-con-boxed e-con e-child\" data-id=\"a7ebe14\" data-element_type=\"container\" data-e-type=\"container\" data-settings=\"{&quot;_ha_eqh_enable&quot;:false}\">\n\t\t\t\t\t<div class=\"e-con-inner\">\n\t\t\t\t<div class=\"elementor-element elementor-element-b43b1b6 elementor-widget__width-initial elementor-widget elementor-widget-image\" data-id=\"b43b1b6\" data-element_type=\"widget\" data-e-type=\"widget\" data-widget_type=\"image.default\">\n\t\t\t\t<div class=\"elementor-widget-container\">\n\t\t\t\t\t\t\t\t\t\t\t\t\t\t\t<img decoding=\"async\" width=\"800\" height=\"534\" src=\"https:\/\/humbertomontero.mx\/wp-content\/uploads\/2024\/04\/PHOTO-2024-01-30-17-56-08-1024x683.jpg\" class=\"attachment-large size-large wp-image-255\" alt=\"\" srcset=\"https:\/\/humbertomontero.mx\/wp-content\/uploads\/2024\/04\/PHOTO-2024-01-30-17-56-08-1024x683.jpg 1024w, https:\/\/humbertomontero.mx\/wp-content\/uploads\/2024\/04\/PHOTO-2024-01-30-17-56-08-300x200.jpg 300w, https:\/\/humbertomontero.mx\/wp-content\/uploads\/2024\/04\/PHOTO-2024-01-30-17-56-08-768x512.jpg 768w, https:\/\/humbertomontero.mx\/wp-content\/uploads\/2024\/04\/PHOTO-2024-01-30-17-56-08.jpg 1280w\" sizes=\"(max-width: 800px) 100vw, 800px\" \/>\t\t\t\t\t\t\t\t\t\t\t\t\t\t\t<\/div>\n\t\t\t\t<\/div>\n\t\t\t\t\t<\/div>\n\t\t\t\t<\/div>\n\t\t\t\t\t<\/div>\n\t\t\t\t<\/div>\n\t\t\t\t\t<\/div>\n\t\t\t\t<\/div>\n\t\t\t\t<\/div>\n\t\t","protected":false},"excerpt":{"rendered":"<p>MI TRAYECTORIA Soy abogado, comprometido con las causas sociales, especialmente la discapacidad, la mejora de la econom\u00eda familiar y el impulso a los proyectos de j\u00f3venes emprendedores. Estudi\u00e9 Derecho en la Univeridad de Guadalajara y posteriormente Maestr\u00eda en Derecho Constitucional y Amparo, en Santiago de Chile estudi\u00e9 el Diplomado en Pol\u00edticas P\u00fablicas y Humanismo Pol\u00edtico [&hellip;]<\/p>\n","protected":false},"author":1,"featured_media":0,"parent":0,"menu_order":0,"comment_status":"closed","ping_status":"closed","template":"elementor_canvas","meta":{"footnotes":""},"class_list":["post-18","page","type-page","status-publish","hentry"],"_links":{"self":[{"href":"https:\/\/humbertomontero.mx\/index.php\/wp-json\/wp\/v2\/pages\/18","targetHints":{"allow":["GET"]}}],"collection":[{"href":"https:\/\/humbertomontero.mx\/index.php\/wp-json\/wp\/v2\/pages"}],"about":[{"href":"https:\/\/humbertomontero.mx\/index.php\/wp-json\/wp\/v2\/types\/page"}],"author":[{"embeddable":true,"href":"https:\/\/humbertomontero.mx\/index.php\/wp-json\/wp\/v2\/users\/1"}],"replies":[{"embeddable":true,"href":"https:\/\/humbertomontero.mx\/index.php\/wp-json\/wp\/v2\/comments?post=18"}],"version-history":[{"count":32,"href":"https:\/\/humbertomontero.mx\/index.php\/wp-json\/wp\/v2\/pages\/18\/revisions"}],"predecessor-version":[{"id":487,"href":"https:\/\/humbertomontero.mx\/index.php\/wp-json\/wp\/v2\/pages\/18\/revisions\/487"}],"wp:attachment":[{"href":"https:\/\/humbertomontero.mx\/index.php\/wp-json\/wp\/v2\/media?parent=18"}],"curies":[{"name":"wp","href":"https:\/\/api.w.org\/{rel}","templated":true}]}}